{"id":3,"date":"2019-12-30T00:31:00","date_gmt":"2019-12-30T00:31:00","guid":{"rendered":"https:\/\/www.misch-dich-ein.jetzt\/?page_id=3"},"modified":"2020-01-13T14:29:23","modified_gmt":"2020-01-13T14:29:23","slug":"privacy-policy","status":"publish","type":"page","link":"https:\/\/misch-dich-ein.jetzt\/index.php\/privacy-policy\/","title":{"rendered":"Impressum"},"content":{"rendered":"\t\t<div data-elementor-type=\"wp-page\" data-elementor-id=\"3\" class=\"elementor elementor-3\" data-elementor-post-type=\"page\">\n\t\t\t\t\t\t<section class=\"elementor-section elementor-top-section elementor-element elementor-element-2a827767 elementor-section-boxed elementor-section-height-default elementor-section-height-default\" data-id=\"2a827767\" data-element_type=\"section\">\n\t\t\t\t\t\t<div class=\"elementor-container elementor-column-gap-default\">\n\t\t\t\t\t<div class=\"elementor-column elementor-col-100 elementor-top-column elementor-element elementor-element-24b5776d\" data-id=\"24b5776d\" data-element_type=\"column\">\n\t\t\t<div class=\"elementor-widget-wrap elementor-element-populated\">\n\t\t\t\t\t\t<div class=\"elementor-element elementor-element-7f25bf77 elementor-widget elementor-widget-text-editor\" data-id=\"7f25bf77\" data-element_type=\"widget\" data-widget_type=\"text-editor.default\">\n\t\t\t\t<div class=\"elementor-widget-container\">\n\t\t\t\t\t\t\t\t\t<p><\/p>\n<h2 class=\"elementor-heading-title elementor-size-default wp-block-heading\" style=\"box-sizing: border-box; margin: 0px; font-family: Montserrat, sans-serif; font-weight: 300; line-height: 1; color: #383838; font-size: 29px; padding: 0px;\">Impressum &amp; Datenschutz<\/h2>\n<div class=\"elementor-element elementor-element-2879690 elementor-widget elementor-widget-heading\" style=\"color: #212529; font-family: Metropolis; font-size: 16px;\" data-id=\"2879690\" data-element_type=\"heading.default\">\n<div class=\"elementor-widget-container\">\u00a0<\/div>\n<\/div>\n<div class=\"elementor-element elementor-element-a1e6852 elementor-widget elementor-widget-spacer\" style=\"color: #212529; font-family: Metropolis; font-size: 16px;\" data-id=\"a1e6852\" data-element_type=\"spacer.default\">\n<div class=\"elementor-widget-container\">\n<div class=\"elementor-spacer\">\n<div class=\"elementor-spacer-inner\" style=\"height: 21px;\">\u00a0<\/div>\n<\/div>\n<\/div>\n<\/div>\n<div class=\"elementor-element elementor-element-a8b3039 elementor-widget elementor-widget-text-editor\" style=\"color: #282c30; font-family: Montserrat, sans-serif; margin-bottom: 20px; font-size: 11px; line-height: 2.4em;\" data-id=\"a8b3039\" data-element_type=\"text-editor.default\">\n<div class=\"elementor-widget-container\">\n<div class=\"elementor-text-editor elementor-clearfix\">\n<p style=\"margin-bottom: 1rem;\">Herausgeber und somit verantwortlich f\u00fcr den Inhalt gem\u00e4\u00df \u00a7 5 TMG:<\/p>\n<p style=\"margin-bottom: 1rem;\"><span style=\"font-weight: bolder;\">Stadtjugendring Coburg \u2013 vertreten durch den ersten Vorsitzenden Alexander M\u00fcller<br \/><\/span>Gem\u00e4\u00df Satzung des Bayerischen Jugendrings ist der SJR Coburg eine Gliederung des Bayerischen Jugendrings K.d.\u00f6.R., vertreten durch den Pr\u00e4sidenten Matthias Fack<\/p>\n<p style=\"margin-bottom: 1rem;\">Adresse:<br \/>Rosenauer Str. 45<br \/>96450 Coburg<\/p>\n<p style=\"margin-bottom: 1rem;\">Telefon 0 95 61 \/ 70575-0<br \/>www.sjr-coburg.de<br \/>info[at]sjr-coburg[Punkt]de<\/p>\n<p style=\"margin-bottom: 1rem;\">Vorstand: Alexander M\u00fcller<br \/>Gesch\u00e4ftsf\u00fchrerin: Christine V\u00f6lker<\/p>\n<p style=\"margin-bottom: 1rem;\">Der gemeinn\u00fctzige Bayerische Jugendring untersteht als K\u00f6rperschaft des \u00f6ffentlichen Rechts der Rechtsaufsicht des Bayerischen Staatsministeriums f\u00fcr Familie, Arbeit und Soziales.<br \/>USt-ID: DE12952346<\/p>\n<p style=\"margin-bottom: 1rem;\">Rechtliche Hinweise:<br \/>Alle Rechte vorbehalten. Alle Texte, Bilder, Grafiken sowie ihre Arrangements unterliegen dem Urheberrecht und anderen Gesetzen zum Schutz geistigen Eigentums. Sie d\u00fcrfen weder f\u00fcr Handelszwecke oder zur Weitergabe kopiert, noch ver\u00e4ndert und auf anderen Web-Sites verwendet werden.<\/p>\n<p style=\"margin-bottom: 1rem;\">Trotz sorgf\u00e4ltiger inhaltlicher Kontrolle \u00fcbernehmen wir keine Haftung f\u00fcr die Inhalte externer Links. F\u00fcr den Inhalt der verlinkten Seiten sind ausschlie\u00dflich deren Betreiber verantwortlich.<\/p>\n<p style=\"margin-bottom: 1rem;\">Mit Urteil vom 12. Mai 1998 hat das Landgericht Hamburg entschieden, dass man durch die Ausbringung eines Links die Inhalte der gelinkten Seite gegebenenfalls mit zu verantworten hat. Dies kann, so das Landgericht, nur dadurch verhindert werden, dass man sich ausdr\u00fccklich von diesen Inhalten distanziert.<\/p>\n<p style=\"margin-bottom: 1rem;\">Wir erkl\u00e4ren, dass wir keinerlei Einfluss auf die Gestaltung und die Inhalte verlinkter Seiten haben. Deshalb distanzieren wir uns hiermit von allen Inhalten der verlinkten Seiten und machen uns diese Inhalte nicht zu Eigen. Diese Erkl\u00e4rung gilt f\u00fcr alle auf der sjr-coburg-Seite angezeigten Links und f\u00fcr alle Inhalte der Seiten, zu denen die bei uns sichtbaren Banner, Buttons und Links f\u00fchren.<\/p>\n<p style=\"margin-bottom: 1rem;\">Wir haben technische und organisatorische Ma\u00dfnahmen getroffen, die sicherstellen, dass die Vorschriften \u00fcber den Datenschutz sowohl von uns als auch von externen Dienstleistern beachtet werden.<\/p>\n<p style=\"margin-bottom: 1rem;\">Unser Online-Angebot enth\u00e4lt Links zu anderen Websites. Wir haben keinen Einfluss darauf, dass deren Betreiber die Datenschutzbestimmungen einhalten.<\/p>\n<p style=\"margin-bottom: 1rem;\">Die von uns gespeicherten Daten werden ausschlie\u00dflich zu Zwecken unserer Jugendarbeit gespeichert oder ausschlie\u00dflich zu statistischen Zwecken ausgewertet und auf keinen Fall an Dritte zu sonstigen Zwecken weitergeleitet.<\/p>\n<\/div>\n<\/div>\n<\/div>\n<p><\/p>\t\t\t\t\t\t\t\t<\/div>\n\t\t\t\t<\/div>\n\t\t\t\t\t<\/div>\n\t\t<\/div>\n\t\t\t\t\t<\/div>\n\t\t<\/section>\n\t\t\t\t<\/div>\n\t\t","protected":false},"excerpt":{"rendered":"<p>Impressum &amp; Datenschutz \u00a0 \u00a0 Herausgeber und somit verantwortlich f\u00fcr den Inhalt gem\u00e4\u00df \u00a7 5 TMG: Stadtjugendring Coburg \u2013 vertreten durch den ersten Vorsitzenden Alexander M\u00fcllerGem\u00e4\u00df Satzung des Bayerischen Jugendrings ist der SJR Coburg eine Gliederung des Bayerischen Jugendrings K.d.\u00f6.R., vertreten durch den Pr\u00e4sidenten Matthias Fack Adresse:Rosenauer Str. 4596450 Coburg Telefon 0 95 61 \/ [&hellip;]<\/p>\n","protected":false},"author":5,"featured_media":0,"parent":0,"menu_order":0,"comment_status":"closed","ping_status":"open","template":"elementor_header_footer","meta":{"_acf_changed":false,"inline_featured_image":false,"footnotes":""},"class_list":["post-3","page","type-page","status-publish","hentry"],"acf":[],"_links":{"self":[{"href":"https:\/\/misch-dich-ein.jetzt\/index.php\/wp-json\/wp\/v2\/pages\/3","targetHints":{"allow":["GET"]}}],"collection":[{"href":"https:\/\/misch-dich-ein.jetzt\/index.php\/wp-json\/wp\/v2\/pages"}],"about":[{"href":"https:\/\/misch-dich-ein.jetzt\/index.php\/wp-json\/wp\/v2\/types\/page"}],"author":[{"embeddable":true,"href":"https:\/\/misch-dich-ein.jetzt\/index.php\/wp-json\/wp\/v2\/users\/5"}],"replies":[{"embeddable":true,"href":"https:\/\/misch-dich-ein.jetzt\/index.php\/wp-json\/wp\/v2\/comments?post=3"}],"version-history":[{"count":5,"href":"https:\/\/misch-dich-ein.jetzt\/index.php\/wp-json\/wp\/v2\/pages\/3\/revisions"}],"predecessor-version":[{"id":1141,"href":"https:\/\/misch-dich-ein.jetzt\/index.php\/wp-json\/wp\/v2\/pages\/3\/revisions\/1141"}],"wp:attachment":[{"href":"https:\/\/misch-dich-ein.jetzt\/index.php\/wp-json\/wp\/v2\/media?parent=3"}],"curies":[{"name":"wp","href":"https:\/\/api.w.org\/{rel}","templated":true}]}}